{"id":3756,"date":"2024-02-12T09:46:24","date_gmt":"2024-02-12T06:46:24","guid":{"rendered":"https:\/\/onkaasansor.com.tr\/en\/?page_id=3756"},"modified":"2024-02-26T13:55:41","modified_gmt":"2024-02-26T10:55:41","slug":"references","status":"publish","type":"page","link":"https:\/\/onkaasansor.com.tr\/en\/references\/","title":{"rendered":"References"},"content":{"rendered":"<div id='av_section_1'  class='avia-section av-6sumk-98a915882a2928e53f6eb957ad1f9097 main_color avia-section-default avia-no-border-styling  avia-builder-el-0  avia-builder-el-no-sibling  avia-bg-style-scroll container_wrap fullsize'  ><div class='container av-section-cont-open' ><main  role=\"main\" itemprop=\"mainContentOfPage\"  class='template-page content  av-content-full alpha units'><div class='post-entry post-entry-type-page post-entry-3756'><div class='entry-content-wrapper clearfix'>\n<div  class='flex_column av-i5u3q4-3b4facc14e4fc9223a4cb7618ed44023 av_one_full  avia-builder-el-1  el_before_av_one_full  avia-builder-el-first  first flex_column_div av-animated-generic bottom-to-top  '     ><p>\n<style type=\"text\/css\" data-created_by=\"avia_inline_auto\" id=\"style-css-av-fqeljg-73bdf111f6e1edb3d6241d1c82156561\">\n#top .av-special-heading.av-fqeljg-73bdf111f6e1edb3d6241d1c82156561{\npadding-bottom:10px;\nfont-size:19px;\n}\nbody .av-special-heading.av-fqeljg-73bdf111f6e1edb3d6241d1c82156561 .av-special-heading-tag .heading-char{\nfont-size:25px;\n}\n#top #wrap_all .av-special-heading.av-fqeljg-73bdf111f6e1edb3d6241d1c82156561 .av-special-heading-tag{\nfont-size:19px;\n}\n.av-special-heading.av-fqeljg-73bdf111f6e1edb3d6241d1c82156561 .av-subheading{\nfont-size:21px;\n}\n\n@media only screen and (min-width: 480px) and (max-width: 767px){ \n#top #wrap_all .av-special-heading.av-fqeljg-73bdf111f6e1edb3d6241d1c82156561 .av-special-heading-tag{\nfont-size:0.8em;\n}\n}\n\n@media only screen and (max-width: 479px){ \n#top #wrap_all .av-special-heading.av-fqeljg-73bdf111f6e1edb3d6241d1c82156561 .av-special-heading-tag{\nfont-size:0.8em;\n}\n}\n<\/style>\n<div  id=\"girisanabaslik\"  class='av-special-heading av-fqeljg-73bdf111f6e1edb3d6241d1c82156561 av-special-heading-h3 custom-color-heading blockquote modern-quote modern-centered  avia-builder-el-2  el_before_av_partner  avia-builder-el-first  girisanabaslik girisanabaslik av-inherit-size'><h3 class='av-special-heading-tag'  itemprop=\"headline\"  >With more than 2500 customers More than 3000 projects we worked on<\/h3><div class=\"special-heading-border\"><div class=\"special-heading-inner-border\"><\/div><\/div><\/div><br \/>\n<div  class='avia-logo-element-container av-ehxy30-2eace0080e66e35b48b9fa9bfb28b16f av-border-deactivate avia-logo-slider avia-content-slider avia-smallarrow-slider avia-content-slider-active noHover avia-content-slider-even  avia-builder-el-3  el_after_av_heading  avia-builder-el-last  av-slideshow-ui av-control-hidden av-nav-arrows-visible av-nav-dots-visible av-no-slider-navigation av-hide-nav-arrows av-slideshow-autoplay av-loop-endless av-loop-manual-endless avia-content-slider1' data-slideshow-options=\"{&quot;animation&quot;:&quot;slide&quot;,&quot;autoplay&quot;:true,&quot;loop_autoplay&quot;:&quot;endless&quot;,&quot;interval&quot;:5,&quot;loop_manual&quot;:&quot;manual-endless&quot;,&quot;autoplay_stopper&quot;:false,&quot;noNavigation&quot;:true,&quot;bg_slider&quot;:false,&quot;keep_padding&quot;:&quot;&quot;,&quot;hoverpause&quot;:false,&quot;show_slide_delay&quot;:0}\"><div class='avia-smallarrow-slider-heading  no-logo-slider-heading '><\/div><div class=\"avia-content-slider-inner\"><div class=\"slide-entry-wrap\"><div  class='slide-entry av-cwz6x8-6f26e5160da5156aec688b43538a73db flex_column no_margin av_one_sixth real-thumbnail post-entry slide-entry-overview slide-loop-1 slide-parity-odd  first'><img decoding=\"async\" fetchpriority=\"high\" width=\"326\" height=\"155\" src=\"https:\/\/onkaasansor.com.tr\/en\/wp-content\/uploads\/2024\/01\/bim.png\" class=\"wp-image-3393 avia-img-lazy-loading-not-3393 attachment-no scaling size-no scaling\" alt=\"\" srcset=\"https:\/\/onkaasansor.com.tr\/en\/wp-content\/uploads\/2024\/01\/bim.png 326w, https:\/\/onkaasansor.com.tr\/en\/wp-content\/uploads\/2024\/01\/bim-300x143.png 300w\" sizes=\"(max-width: 326px) 100vw, 326px\" \/><\/div><div  class='slide-entry av-bdyqmk-cb4eebe13b4f4a07937db09f882c4d43 flex_column no_margin av_one_sixth real-thumbnail post-entry slide-entry-overview slide-loop-2 slide-parity-even  '><img decoding=\"async\" fetchpriority=\"high\" width=\"326\" height=\"155\" src=\"https:\/\/onkaasansor.com.tr\/en\/wp-content\/uploads\/2024\/01\/pehlivanoglu.png\" class=\"wp-image-3396 avia-img-lazy-loading-not-3396 attachment-no scaling size-no scaling\" alt=\"\" srcset=\"https:\/\/onkaasansor.com.tr\/en\/wp-content\/uploads\/2024\/01\/pehlivanoglu.png 326w, https:\/\/onkaasansor.com.tr\/en\/wp-content\/uploads\/2024\/01\/pehlivanoglu-300x143.png 300w\" sizes=\"(max-width: 326px) 100vw, 326px\" \/><\/div><div  class='slide-entry av-8idj30-618167d0770baee753dc74c7294864e9 flex_column no_margin av_one_sixth real-thumbnail post-entry slide-entry-overview slide-loop-3 slide-parity-odd  '><img decoding=\"async\" fetchpriority=\"high\" width=\"326\" height=\"155\" src=\"https:\/\/onkaasansor.com.tr\/en\/wp-content\/uploads\/2024\/01\/ulker.png\" class=\"wp-image-3395 avia-img-lazy-loading-not-3395 attachment-no scaling size-no scaling\" alt=\"\" srcset=\"https:\/\/onkaasansor.com.tr\/en\/wp-content\/uploads\/2024\/01\/ulker.png 326w, https:\/\/onkaasansor.com.tr\/en\/wp-content\/uploads\/2024\/01\/ulker-300x143.png 300w\" sizes=\"(max-width: 326px) 100vw, 326px\" \/><\/div><div  class='slide-entry av-7hd0ek-e835f7644cfd266cd5f7356ca2a109be flex_column no_margin av_one_sixth real-thumbnail post-entry slide-entry-overview slide-loop-4 slide-parity-even  '><img decoding=\"async\" fetchpriority=\"high\" width=\"326\" height=\"155\" src=\"https:\/\/onkaasansor.com.tr\/en\/wp-content\/uploads\/2024\/01\/basdas.png\" class=\"wp-image-3392 avia-img-lazy-loading-not-3392 attachment-no scaling size-no scaling\" alt=\"\" srcset=\"https:\/\/onkaasansor.com.tr\/en\/wp-content\/uploads\/2024\/01\/basdas.png 326w, https:\/\/onkaasansor.com.tr\/en\/wp-content\/uploads\/2024\/01\/basdas-300x143.png 300w\" sizes=\"(max-width: 326px) 100vw, 326px\" \/><\/div><div  class='slide-entry av-6cq6d8-2e1ddc64cb0b2c8fbad65aff48248468 flex_column no_margin av_one_sixth real-thumbnail post-entry slide-entry-overview slide-loop-5 slide-parity-odd  '><img decoding=\"async\" fetchpriority=\"high\" width=\"326\" height=\"155\" src=\"https:\/\/onkaasansor.com.tr\/en\/wp-content\/uploads\/2024\/01\/avci.png\" class=\"wp-image-3391 avia-img-lazy-loading-not-3391 attachment-no scaling size-no scaling\" alt=\"\" srcset=\"https:\/\/onkaasansor.com.tr\/en\/wp-content\/uploads\/2024\/01\/avci.png 326w, https:\/\/onkaasansor.com.tr\/en\/wp-content\/uploads\/2024\/01\/avci-300x143.png 300w\" sizes=\"(max-width: 326px) 100vw, 326px\" \/><\/div><div  class='slide-entry av-4ry2ek-af9b350b6455e16cdde28f976f5b8668 flex_column no_margin av_one_sixth real-thumbnail post-entry slide-entry-overview slide-loop-6 slide-parity-even post-entry-last '><img decoding=\"async\" fetchpriority=\"high\" width=\"326\" height=\"155\" src=\"https:\/\/onkaasansor.com.tr\/en\/wp-content\/uploads\/2024\/01\/dostlar.png\" class=\"wp-image-3394 avia-img-lazy-loading-not-3394 attachment-no scaling size-no scaling\" alt=\"\" srcset=\"https:\/\/onkaasansor.com.tr\/en\/wp-content\/uploads\/2024\/01\/dostlar.png 326w, https:\/\/onkaasansor.com.tr\/en\/wp-content\/uploads\/2024\/01\/dostlar-300x143.png 300w\" sizes=\"(max-width: 326px) 100vw, 326px\" \/><\/div><\/div><\/div><\/div><\/p><\/div><div  class='flex_column av-33ccqk-df1a4e86ba6e5c4d14e47c538620be85 av_one_full  avia-builder-el-4  el_after_av_one_full  avia-builder-el-last  first flex_column_div  column-top-margin'     ><section  class='av_textblock_section av-lsikmf7v-84036dbb67e77f54bc984ee5a92c4ce8 '   itemscope=\"itemscope\" itemtype=\"https:\/\/schema.org\/CreativeWork\" ><div class='avia_textblock'  itemprop=\"text\" ><table class=\"easy-table easy-table-default \" border=\"0\">\n<thead>\n<tr>\n<th width=\"50%\">f\u0131rm<\/th>\n<th width=\"50%\">Product<\/th>\n<\/tr>\n<\/thead>\n<tbody>\n<tr>\n<td>B\u0130M A.\u015e.<\/td>\n<td>HYDRAULIC FREIGHT LIFT 1200 KG<\/td>\n<\/tr>\n<tr>\n<td>PEHL\u0130VANO\u011eLU MARKET\u00c7\u0130L\u0130K A.\u015e.<\/td>\n<td>HYDRAULIC FREIGHT LIFT 1200 KG<\/td>\n<\/tr>\n<tr>\n<td>K\u0130PA A.\u015e.<\/td>\n<td>HYDRAULIC FREIGHT LIFT\u0130 1200 KG<\/td>\n<\/tr>\n<tr>\n<td>SE\u00c7K\u0130N GIDA PINARBA\u015eI<\/td>\n<td>HYDRAULIC FREIGHT LIFT 1200 KG<\/td>\n<\/tr>\n<tr>\n<td>SOYHANLAR PLAST\u0130K BALIKES\u0130R<\/td>\n<td>HYDRAULIC FREIGHT LIFT 1200 KG<\/td>\n<\/tr>\n<tr>\n<td>ADAMAR AL\u0130A\u011eA<\/td>\n<td>HYDRAULIC FREIGHT LIFT 1200 KG<\/td>\n<\/tr>\n<tr>\n<td>ZL \u0130N\u015e.LTD.\u015eT\u0130 BAL\u00c7OVA<\/td>\n<td>HYDRAULIC FREIGHT LIFT 1200 KG<\/td>\n<\/tr>\n<tr>\n<td>DOSTLAR MARKET KARAM\u00dcRSEL<\/td>\n<td>HYDRAULIC FREIGHT LIFT 1200 KG<\/td>\n<\/tr>\n<tr>\n<td>B\u0130Z\u0130M EV CAFE REST. \u00c7E\u015eME<\/td>\n<td>HYDRAULIC FREIGHT LIFT 1200 KG<\/td>\n<\/tr>\n<tr>\n<td>\u00c7EL\u0130K T\u0130CARET \u00c7\u0130\u011eL\u0130<\/td>\n<td>HYDRAULIC FREIGHT LIFT 1200 KG<\/td>\n<\/tr>\n<tr>\n<td>YILMAZER EV GERE\u00c7LER\u0130 ALSANCAK<\/td>\n<td>HYDRAULIC FREIGHT LIFT 1200 KG<\/td>\n<\/tr>\n<tr>\n<td>ELMAS YUFKA<\/td>\n<td>HYDRAULIC FREIGHT LIFT 1200 KG<\/td>\n<\/tr>\n<tr>\n<td>BMB SU ARITMA<\/td>\n<td>HYDRAULIC FREIGHT LIFT 1200 KG<\/td>\n<\/tr>\n<tr>\n<td>ALTERNAT\u0130F GIDA BAYRAKLI<\/td>\n<td>HYDRAULIC FREIGHT LIFT 1200 KG<\/td>\n<\/tr>\n<tr>\n<td>\u00dcLKER GIDA GEBZE<\/td>\n<td>HYDRAULIC FREIGHT LIFT 1200 KG<\/td>\n<\/tr>\n<tr>\n<td>SAYGIN T\u0130CARET KAHRAMANLAR<\/td>\n<td>HYDRAULIC FREIGHT LIFT 1200 KG<\/td>\n<\/tr>\n<tr>\n<td>ELMAS YUFKA AYDIN<\/td>\n<td>HYDRAULIC FREIGHT LIFT 1200 KG<\/td>\n<\/tr>\n<tr>\n<td>AKASYA AVM ACIBADEM<\/td>\n<td>HYDRAULIC FREIGHT LIFT 1200 KG<\/td>\n<\/tr>\n<tr>\n<td>S\u0130MAY TRAFO<\/td>\n<td>HYDRAULIC FREIGHT LIFT 1200 KG<\/td>\n<\/tr>\n<tr>\n<td>BALIKES\u0130R HALI YIKAMA FABR\u0130KASI<\/td>\n<td>HYDRAULIC FREIGHT LIFT 1200 KG<\/td>\n<\/tr>\n<tr>\n<td>MTS ULUSLARARASI TA\u015e. T\u0130C. A.\u015e.<\/td>\n<td>HYDRAULIC RAMP<\/td>\n<\/tr>\n<tr>\n<td>ERG\u00dcNPEN LTD \u015eT\u0130. SARNI\u00c7<\/td>\n<td>HYDRAULIC FREIGHT LIFT 2000 KG<\/td>\n<\/tr>\n<tr>\n<td>H\u0130SAR S\u00dcT \u00dcR\u00dcNLER\u0130 LTD \u015eT\u0130. SARNI\u00c7<\/td>\n<td>HYDRAULIC FREIGHT LIFT 1200 KG<\/td>\n<\/tr>\n<tr>\n<td>BA\u015eDA\u015e DAY T\u00dcK LTD \u015eT\u0130 SARNI\u00c7<\/td>\n<td>HYDRAULIC FREIGHT LIFT 2500 KG<\/td>\n<\/tr>\n<tr>\n<td>MAKRO GIDA LTD \u015eT\u0130 YEN\u0130\u015eEH\u0130R<\/td>\n<td>HYDRAULIC FREIGHT LIFT 1200 KG<\/td>\n<\/tr>\n<tr>\n<td>KURTO\u011eLU KARDE\u015e<\/td>\n<td>CAR LIFT<\/td>\n<\/tr>\n<tr>\n<td>SUAT KA\u011eIT\u00c7ILIK<\/td>\n<td>HYDRAULIC FREIGHT LIFT 1200 KG<\/td>\n<\/tr>\n<tr>\n<td>RUMEL\u0130 DONDURMACILIK LTD \u015eT\u0130. \u00c7E\u015eME<\/td>\n<td>HYDRAULIC FREIGHT LIFT 1200 KG<\/td>\n<\/tr>\n<tr>\n<td>\u00d6ZL\u0130FT ELEKTR\u0130K LTD \u015eT\u0130 MERS\u0130NL\u0130<\/td>\n<td>HYDRAULIC FREIGHT LIFT 1200 KG<\/td>\n<\/tr>\n<tr>\n<td>\u00c7E\u015eME GENCERLER P\u0130L\u0130\u00c7<\/td>\n<td>HYDRAULIC FREIGHT LIFT 1200 KG<\/td>\n<\/tr>\n<tr>\n<td>EGEM TOPTAN MANDIRA \u00d6DEM\u0130\u015e<\/td>\n<td>HYDRAULIC FREIGHT LIFT 1200 KG<\/td>\n<\/tr>\n<tr>\n<td>BAYLAN AMBALAJ LTD \u015eT\u0130 KARAMAN<\/td>\n<td>HYDRAULIC FREIGHT LIFT 1200 KG<\/td>\n<\/tr>\n<tr>\n<td>BA\u015eDA\u015e DAY T\u00dcK LTD \u015eT\u0130 AYRANCILAR<\/td>\n<td>HYDRAULIC FREIGHT LIFT 1200 KG<\/td>\n<\/tr>\n<tr>\n<td>SAMSON ELEKTRON\u0130K HADIMK\u00d6Y<\/td>\n<td>HYDRAULIC FREIGHT LIFT 1200 KG<\/td>\n<\/tr>\n<tr>\n<td>G\u00dcNL\u0130FT TAMER \u00d6ZKAYA GAZ\u0130EM\u0130R<\/td>\n<td>HYDRAULIC FREIGHT LIFT 1200 KG<\/td>\n<\/tr>\n<tr>\n<td>FEY \u0130N\u015e LTD. \u015eT\u0130. BAYINDIR<\/td>\n<td>HYDRAULIC FREIGHT LIFT 1200 KG<\/td>\n<\/tr>\n<tr>\n<td>E ASANS\u00d6R A.\u015e. KU\u015eADASI<\/td>\n<td>HYDRAULIC FREIGHT LIFT 1200 KG<\/td>\n<\/tr>\n<tr>\n<td>UZEL ASANS\u00d6R LTD. \u015eT\u0130. ALA\u015eEH\u0130R<\/td>\n<td>HYDRAULIC FREIGHT LIFT 1200 KG<\/td>\n<\/tr>\n<tr>\n<td>SARIKIZ ASANS\u00d6R EDREM\u0130T<\/td>\n<td>HYDRAULIC FREIGHT LIFT 1200 KG<\/td>\n<\/tr>\n<tr>\n<td>\u0130ZAS ASANS\u00d6R KAR\u015eIYAKA<\/td>\n<td>HYDRAULIC FREIGHT LIFT 1200 KG<\/td>\n<\/tr>\n<tr>\n<td>U\u00c7ARO\u011eLU MADENC\u0130L\u0130K<\/td>\n<td>HYDRAULIC FREIGHT LIFT 1200 KG<\/td>\n<\/tr>\n<tr>\n<td>A-STAR ASANS\u00d6R \u00c7E\u015eME<\/td>\n<td>HYDRAULIC FREIGHT LIFT 1200 KG<\/td>\n<\/tr>\n<tr>\n<td>ERSEZG\u0130N \u0130N\u015eAAT LTD. \u015eT\u0130. KAR\u015eIYAKA<\/td>\n<td>HYDRAULIC FREIGHT LIFT 1200 KG<\/td>\n<\/tr>\n<tr>\n<td>B\u0130RCAN YEMEK LTD. \u015eT\u0130. AYDIN<\/td>\n<td>HYDRAULIC FREIGHT LIFT 1200 KG<\/td>\n<\/tr>\n<tr>\n<td>AVCI GIDA SEY\u0130THAN AVCI GAZ\u0130EM\u0130R<\/td>\n<td>HYDRAULIC FREIGHT LIFT 1200 KG<\/td>\n<\/tr>\n<tr>\n<td>MURAT ARGAT AL\u0130A\u011eA<\/td>\n<td>HYDRAULIC HANDICAPPED LIFT 500 KG<\/td>\n<\/tr>\n<tr>\n<td>EM\u0130N LA\u00c7\u0130N<\/td>\n<td>HYDRAULIC CAR TABLE 2500 KG<\/td>\n<\/tr>\n<tr>\n<td>JETL\u0130FT ASANS\u00d6R KAR\u015eIYAKA<\/td>\n<td>HYDRAULIC FREIGHT LIFT 1200 KG<\/td>\n<\/tr>\n<tr>\n<td>ERDAL ASANS\u00d6R LTD. \u015eT\u0130. PINARBA\u015eI<\/td>\n<td>HYDRAULIC FREIGHT LIFT 1200 KG<\/td>\n<\/tr>\n<tr>\n<td>MED YAPI<\/td>\n<td>HYDRAULIC FREIGHT LIFT 1200 KG<\/td>\n<\/tr>\n<tr>\n<td>EGEL\u0130FT ASANS\u00d6R LTD. \u015eT\u0130 BALIKES\u0130R<\/td>\n<td>HYDRAULIC FREIGHT LIFT 1200 KG<\/td>\n<\/tr>\n<tr>\n<td>\u00d6Z\u015eAN ASANS\u00d6R LTD.\u015eT\u0130. KAR\u015eIYAKA<\/td>\n<td>HYDRAULIC FREIGHT LIFT 1200 KG<\/td>\n<\/tr>\n<tr>\n<td>FAHRETT\u0130NO\u011eLU \u0130N\u015e. BAYRAKLI<\/td>\n<td>HYDRAULIC CAR TABLE 2500 KG<\/td>\n<\/tr>\n<tr>\n<td>U\u00c7ARSAN ASANS\u00d6R ELAZI\u011e<\/td>\n<td>HYDRAULIC FREIGHT LIFT 1200 KG<\/td>\n<\/tr>\n<tr>\n<td>BMU GIDA A.\u015e. KONAK<\/td>\n<td>HYDRAULIC FREIGHT LIFT 1200 KG<\/td>\n<\/tr>\n<tr>\n<td>FERKA ASANS\u00d6R LTD. \u015eT\u0130 \u00d6DEM\u0130\u015e<\/td>\n<td>HYDRAULIC FREIGHT LIFT 1200 KG<\/td>\n<\/tr>\n<tr>\n<td>FATMA EKMEK\u00c7\u0130 N\u0130L\u00dcFER BURSA<\/td>\n<td>HYDRAULIC FREIGHT LIFT 1200 KG<\/td>\n<\/tr>\n<tr>\n<td>BALIKES\u0130R HALI YIKAMA FABR\u0130KASI<\/td>\n<td>HYDRAULIC FREIGHT LIFT 1200 KG<\/td>\n<\/tr>\n<\/tbody>\n<\/table>\n<\/div><\/section><\/div>\n","protected":false},"excerpt":{"rendered":"","protected":false},"author":1,"featured_media":0,"parent":0,"menu_order":0,"comment_status":"closed","ping_status":"closed","template":"","meta":{"footnotes":""},"class_list":["post-3756","page","type-page","status-publish","hentry"],"_links":{"self":[{"href":"https:\/\/onkaasansor.com.tr\/en\/wp-json\/wp\/v2\/pages\/3756","targetHints":{"allow":["GET"]}}],"collection":[{"href":"https:\/\/onkaasansor.com.tr\/en\/wp-json\/wp\/v2\/pages"}],"about":[{"href":"https:\/\/onkaasansor.com.tr\/en\/wp-json\/wp\/v2\/types\/page"}],"author":[{"embeddable":true,"href":"https:\/\/onkaasansor.com.tr\/en\/wp-json\/wp\/v2\/users\/1"}],"replies":[{"embeddable":true,"href":"https:\/\/onkaasansor.com.tr\/en\/wp-json\/wp\/v2\/comments?post=3756"}],"version-history":[{"count":7,"href":"https:\/\/onkaasansor.com.tr\/en\/wp-json\/wp\/v2\/pages\/3756\/revisions"}],"predecessor-version":[{"id":3850,"href":"https:\/\/onkaasansor.com.tr\/en\/wp-json\/wp\/v2\/pages\/3756\/revisions\/3850"}],"wp:attachment":[{"href":"https:\/\/onkaasansor.com.tr\/en\/wp-json\/wp\/v2\/media?parent=3756"}],"curies":[{"name":"wp","href":"https:\/\/api.w.org\/{rel}","templated":true}]}}