{"id":3520,"date":"2024-01-18T11:12:32","date_gmt":"2024-01-18T08:12:32","guid":{"rendered":"https:\/\/onkaasansor.com.tr\/en\/?page_id=3520"},"modified":"2024-02-23T16:13:50","modified_gmt":"2024-02-23T13:13:50","slug":"contact","status":"publish","type":"page","link":"https:\/\/onkaasansor.com.tr\/en\/contact\/","title":{"rendered":"CONTACT"},"content":{"rendered":"<div  class='av_gmaps_sc_main_wrap av_gmaps_main_wrap '><div id='av_gmap_0' class='avia-google-map-container avia-google-map-sc av_gmaps_show_unconditionally av-no-fallback-img ' data-mapid='av_gmap_0'  style='height: 550px;'><a class=\"av_gmaps_browser_disabled av_text_confirm_link av_text_confirm_link_visible\" href=\"https:\/\/www.google.com\/maps\/search\/?api=1&#038;query=Mare\u015fal%20Fevzi%20\u00c7akmak%20Bulvar\u0131%20No:166%20Zeytinalan\u0131%20Urla\/\u0130ZM\u0130R\" target=\"_blank\" rel=\"noopener\">Maps were disabled by the visitor on this site. Click to open the map in a new window.<\/a><\/div><\/div>\n<div id='av_section_1'  class='avia-section av-7ltbts-63edd5dd11079505928b8b096e8465a0 main_color avia-section-default avia-no-border-styling  avia-builder-el-1  el_after_av_google_map  avia-builder-el-last  avia-bg-style-scroll container_wrap fullsize'  ><div class='container av-section-cont-open' ><div class='template-page content  av-content-full alpha units'><div class='post-entry post-entry-type-page post-entry-3520'><div class='entry-content-wrapper clearfix'>\n<div  class='flex_column av-5ybws0-9abcc5e4f4fc7d650bc9230bd4fd9a20 av_one_half  avia-builder-el-2  el_before_av_one_half  avia-builder-el-first  first flex_column_div av-animated-generic bottom-to-top  '     ><p>\n<style type=\"text\/css\" data-created_by=\"avia_inline_auto\" id=\"style-css-av-lrixurie-6fe8042156c369aab065fc46b0f8cd94\">\n#top .av-special-heading.av-lrixurie-6fe8042156c369aab065fc46b0f8cd94{\nmargin:0px 0px -30px 0px;\npadding-bottom:10px;\nfont-size:56px;\n}\nbody .av-special-heading.av-lrixurie-6fe8042156c369aab065fc46b0f8cd94 .av-special-heading-tag .heading-char{\nfont-size:25px;\n}\n#top #wrap_all .av-special-heading.av-lrixurie-6fe8042156c369aab065fc46b0f8cd94 .av-special-heading-tag{\nfont-size:56px;\npadding:0px 0px 0px 0px;\n}\n.av-special-heading.av-lrixurie-6fe8042156c369aab065fc46b0f8cd94 .av-subheading{\nfont-size:21px;\ncolor:#7a91ad;\n}\n\n@media only screen and (min-width: 480px) and (max-width: 767px){ \n#top #wrap_all .av-special-heading.av-lrixurie-6fe8042156c369aab065fc46b0f8cd94 .av-special-heading-tag{\nfont-size:0.8em;\n}\n}\n\n@media only screen and (max-width: 479px){ \n#top #wrap_all .av-special-heading.av-lrixurie-6fe8042156c369aab065fc46b0f8cd94 .av-special-heading-tag{\nfont-size:0.8em;\n}\n}\n<\/style>\n<div  id=\"girisanabaslik\"  class='av-special-heading av-lrixurie-6fe8042156c369aab065fc46b0f8cd94 av-special-heading-h3 custom-color-heading blockquote modern-quote  avia-builder-el-3  el_before_av_iconlist  avia-builder-el-first  girisanabaslik girisanabaslik av-inherit-size'><h3 class='av-special-heading-tag'  itemprop=\"headline\"  ><span class=\"lqd-text-item\">Contact<\/span><br \/>\nContact Us<\/h3><div class=\"special-heading-border\"><div class=\"special-heading-inner-border\"><\/div><\/div><\/div><br \/>\n\n<style type=\"text\/css\" data-created_by=\"avia_inline_auto\" id=\"style-css-av-lrixxxfc-407b7bbdf6a1d08fa0e4b7cce5e8cbd6\">\n#top .avia-icon-list-container.av-lrixxxfc-407b7bbdf6a1d08fa0e4b7cce5e8cbd6 .iconlist_icon{\ncolor:#003973;\n}\n#top #wrap_all .avia-icon-list-container.av-lrixxxfc-407b7bbdf6a1d08fa0e4b7cce5e8cbd6 .av_iconlist_title{\ncolor:#003973;\n}\n.avia-icon-list-container.av-lrixxxfc-407b7bbdf6a1d08fa0e4b7cce5e8cbd6 .iconlist_content{\ncolor:#003973;\n}\n<\/style>\n<div  class='avia-icon-list-container av-lrixxxfc-407b7bbdf6a1d08fa0e4b7cce5e8cbd6  avia-builder-el-4  el_after_av_heading  avia-builder-el-last '><ul class='avia-icon-list avia_animate_when_almost_visible avia-icon-list-left av-iconlist-small av-lrixxxfc-407b7bbdf6a1d08fa0e4b7cce5e8cbd6 avia-iconlist-animate'>\n<li><div class='iconlist_icon av-lrixxwqx-413fc0309b7496f174de2ce9f459b25d avia-font-entypo-fontello'><span class='iconlist-char' aria-hidden='true' data-av_icon='\ue842' data-av_iconfont='entypo-fontello'><\/span><\/div><article class=\"article-icon-entry av-iconlist-empty\"  itemscope=\"itemscope\" itemtype=\"https:\/\/schema.org\/CreativeWork\" ><div class=\"iconlist_content_wrap\"><header class=\"entry-content-header\"><div class='av_iconlist_title iconlist_title_small  av_inherit_color'  itemprop=\"headline\" ><span class=\"lqd-text-item\">Factory<\/span><br \/>\nFatih Mh. 1191 Sk. No:31\/C Sarn\u0131\u00e7 Gaziemir \/ \u0130ZM\u0130R<\/div><\/header><div class='iconlist_content av_inherit_color'  itemprop=\"text\" ><\/div><\/div><footer class=\"entry-footer\"><\/footer><\/article><div class=\"iconlist-timeline\"><\/div><\/li>\n<li><div class='iconlist_icon av-lrixxwqx-4-360c7620f91db91a5a9b2b752a6291e9 avia-font-entypo-fontello'><span class='iconlist-char' aria-hidden='true' data-av_icon='\ue842' data-av_iconfont='entypo-fontello'><\/span><\/div><article class=\"article-icon-entry av-iconlist-empty\"  itemscope=\"itemscope\" itemtype=\"https:\/\/schema.org\/CreativeWork\" ><div class=\"iconlist_content_wrap\"><header class=\"entry-content-header\"><div class='av_iconlist_title iconlist_title_small  av_inherit_color'  itemprop=\"headline\" ><span class=\"lqd-text-item\">Registered Office\/Showroom<\/span><br \/>\nMare\u015fal Fevzi \u00c7akmak Bulvar\u0131 No:166 Zeytinalan\u0131 Urla\/\u0130ZM\u0130R<\/div><\/header><div class='iconlist_content av_inherit_color'  itemprop=\"text\" ><\/div><\/div><footer class=\"entry-footer\"><\/footer><\/article><div class=\"iconlist-timeline\"><\/div><\/li>\n<li><div class='iconlist_icon av-lrixxwqx-2-f074a3ae1f69166e622846d62e5d0fa9 avia-font-entypo-fontello'><span class='iconlist-char' aria-hidden='true' data-av_icon='\ue8ac' data-av_iconfont='entypo-fontello'><\/span><\/div><article class=\"article-icon-entry av-iconlist-empty\"  itemscope=\"itemscope\" itemtype=\"https:\/\/schema.org\/CreativeWork\" ><div class=\"iconlist_content_wrap\"><header class=\"entry-content-header\"><div class='av_iconlist_title iconlist_title_small  av_inherit_color'  itemprop=\"headline\" >0 532 779 52 12<\/div><\/header><div class='iconlist_content av_inherit_color'  itemprop=\"text\" ><\/div><\/div><footer class=\"entry-footer\"><\/footer><\/article><div class=\"iconlist-timeline\"><\/div><\/li>\n<li><div class='iconlist_icon av-lrixxwqx-3-4c101c6375062d577fc89f54baf9a860 avia-font-entypo-fontello'><span class='iconlist-char' aria-hidden='true' data-av_icon='\ue854' data-av_iconfont='entypo-fontello'><\/span><\/div><article class=\"article-icon-entry av-iconlist-empty\"  itemscope=\"itemscope\" itemtype=\"https:\/\/schema.org\/CreativeWork\" ><div class=\"iconlist_content_wrap\"><header class=\"entry-content-header\"><div class='av_iconlist_title iconlist_title_small  av_inherit_color'  itemprop=\"headline\" >0 232 766 34 28<\/div><\/header><div class='iconlist_content av_inherit_color'  itemprop=\"text\" ><\/div><\/div><footer class=\"entry-footer\"><\/footer><\/article><div class=\"iconlist-timeline\"><\/div><\/li>\n<li><div class='iconlist_icon av-lrixxwqx-2-1-51717ddd428288a91f2e92f144ff6ce4 avia-font-entypo-fontello'><span class='iconlist-char' aria-hidden='true' data-av_icon='\ue854' data-av_iconfont='entypo-fontello'><\/span><\/div><article class=\"article-icon-entry av-iconlist-empty\"  itemscope=\"itemscope\" itemtype=\"https:\/\/schema.org\/CreativeWork\" ><div class=\"iconlist_content_wrap\"><header class=\"entry-content-header\"><div class='av_iconlist_title iconlist_title_small  av_inherit_color'  itemprop=\"headline\" >0 232 265 63 33<\/div><\/header><div class='iconlist_content av_inherit_color'  itemprop=\"text\" ><\/div><\/div><footer class=\"entry-footer\"><\/footer><\/article><div class=\"iconlist-timeline\"><\/div><\/li>\n<li><div class='iconlist_icon av-lrixxwqx-1-e5db2a1d2ac761fa61447b217ff5ffd6 avia-font-entypo-fontello'><span class='iconlist-char' aria-hidden='true' data-av_icon='\ue805' data-av_iconfont='entypo-fontello'><\/span><\/div><article class=\"article-icon-entry av-iconlist-empty\"  itemscope=\"itemscope\" itemtype=\"https:\/\/schema.org\/CreativeWork\" ><div class=\"iconlist_content_wrap\"><header class=\"entry-content-header\"><div class='av_iconlist_title iconlist_title_small  av_inherit_color'  itemprop=\"headline\" >info@onkaasansor.com.tr<\/div><\/header><div class='iconlist_content av_inherit_color'  itemprop=\"text\" ><\/div><\/div><footer class=\"entry-footer\"><\/footer><\/article><div class=\"iconlist-timeline\"><\/div><\/li>\n<\/ul><\/div><\/p><\/div><div  class='flex_column av-9986a8-943e1613d7ebc2f5165afcebf18756d7 av_one_half  avia-builder-el-5  el_after_av_one_half  el_before_av_image  flex_column_div  '     ><form action=\"https:\/\/onkaasansor.com.tr\/en\/contact\/\" method=\"post\" data-fields-with-error=\"Found errors in the following field(s):\" class=\"avia_ajax_form av-form-labels-hidden   avia-builder-el-6  avia-builder-el-no-sibling   \" data-avia-form-id=\"1\" data-avia-redirect='' ><fieldset><p class='  first_form  form_element form_fullwidth' id='element_avia_1_1'><label for=\"avia_1_1\">Name Surname (required) <abbr class=\"required\" title=\"Zorunlu\">*<\/abbr><\/label> <input name=\"avia_1_1\" class=\"text_input is_empty\" type=\"text\" id=\"avia_1_1\" value=\"\"  placeholder='Name Surname (required)*'\/><\/p><p class='  first_form  form_element form_fullwidth' id='element_avia_2_1'><label for=\"avia_2_1\">E-Mail (required)<\/label> <input name=\"avia_2_1\" class=\"text_input \" type=\"text\" id=\"avia_2_1\" value=\"\"  placeholder='E-Mail (required)'\/><\/p><p class='  first_form  form_element form_fullwidth' id='element_avia_3_1'><label for=\"avia_3_1\">Subject <abbr class=\"required\" title=\"Zorunlu\">*<\/abbr><\/label> <input name=\"avia_3_1\" class=\"text_input is_empty\" type=\"text\" id=\"avia_3_1\" value=\"\"  placeholder='Subject*'\/><\/p><p class='  first_form  form_element form_fullwidth av-last-visible-form-element' id='element_avia_4_1'><label for=\"avia_4_1\" class=\"textare_label hidden textare_label_avia_4_1\">Your message <abbr class=\"required\" title=\"Zorunlu\">*<\/abbr><\/label><textarea  placeholder='Your message*' name=\"avia_4_1\" class=\"text_area is_empty\" cols=\"40\" rows=\"7\" id=\"avia_4_1\" ><\/textarea><\/p><p class=\"hidden\"><input type=\"text\" name=\"avia_5_1\" class=\"hidden \" id=\"avia_5_1\" value=\"\" \/><\/p><p class=\"form_element \"><input type=\"hidden\" value=\"1\" name=\"avia_generated_form1\" \/><input type=\"submit\" value=\"Send\" class=\"button\"  data-sending-label=\"G\u00f6nderiliyor\"\/><\/p><\/fieldset><\/form><div id=\"ajaxresponse_1\" class=\"ajaxresponse ajaxresponse_1 hidden\"><\/div><\/div>\n<style type=\"text\/css\" data-created_by=\"avia_inline_auto\" id=\"style-css-av-37t3lc-4007f34c10c55768c60040ce59711bcc\">\n.avia-image-container.av-37t3lc-4007f34c10c55768c60040ce59711bcc{\nposition:absolute;\nbottom:0px;\nleft:0px;\n}\n.avia-image-container.av-37t3lc-4007f34c10c55768c60040ce59711bcc img.avia_image{\nbox-shadow:none;\n}\n.avia-image-container.av-37t3lc-4007f34c10c55768c60040ce59711bcc .av-image-caption-overlay-center{\ncolor:#ffffff;\n}\n.avia-image-container.av-37t3lc-4007f34c10c55768c60040ce59711bcc .avia-curtain-reveal-overlay{\nz-index:100;\n}\n<\/style>\n<div  class='avia-image-container av-37t3lc-4007f34c10c55768c60040ce59711bcc av-styling- avia-align-center  avia-builder-el-7  el_after_av_one_half  avia-builder-el-last  av-custom-positioned av-parallax-object' data-parallax=\"{&quot;parallax&quot;:&quot;bottom_top&quot;,&quot;parallax_speed&quot;:&quot;140&quot;,&quot;av-desktop-parallax&quot;:&quot;inherit&quot;,&quot;av-desktop-parallax_speed&quot;:&quot;inherit&quot;,&quot;av-medium-parallax&quot;:&quot;inherit&quot;,&quot;av-medium-parallax_speed&quot;:&quot;inherit&quot;,&quot;av-small-parallax&quot;:&quot;inherit&quot;,&quot;av-small-parallax_speed&quot;:&quot;inherit&quot;,&quot;av-mini-parallax&quot;:&quot;inherit&quot;,&quot;av-mini-parallax_speed&quot;:&quot;inherit&quot;,&quot;parallax-container&quot;:&quot;.av-37t3lc-4007f34c10c55768c60040ce59711bcc&quot;,&quot;parallax-selector&quot;:&quot;.avia-image-container-inner&quot;}\"  itemprop=\"image\" itemscope=\"itemscope\" itemtype=\"https:\/\/schema.org\/ImageObject\" ><div class=\"avia-image-container-inner\"><div class=\"avia-image-overlay-wrap\"><div class='avia-curtain-reveal-overlay av-animated-when-visible-95 animate-all-devices curtain-reveal-btt'><\/div><img decoding=\"async\" fetchpriority=\"high\" class='wp-image-3389 avia-img-lazy-loading-not-3389 avia_image ' src=\"https:\/\/onkaasansor.com.tr\/en\/wp-content\/uploads\/2024\/01\/elevator1.png\" alt='' title='elevator1'  height=\"250\" width=\"250\"  itemprop=\"thumbnailUrl\" srcset=\"https:\/\/onkaasansor.com.tr\/en\/wp-content\/uploads\/2024\/01\/elevator1.png 250w, https:\/\/onkaasansor.com.tr\/en\/wp-content\/uploads\/2024\/01\/elevator1-80x80.png 80w, https:\/\/onkaasansor.com.tr\/en\/wp-content\/uploads\/2024\/01\/elevator1-36x36.png 36w, https:\/\/onkaasansor.com.tr\/en\/wp-content\/uploads\/2024\/01\/elevator1-180x180.png 180w\" sizes=\"(max-width: 250px) 100vw, 250px\" \/><\/div><\/div><\/div>\n\n","protected":false},"excerpt":{"rendered":"","protected":false},"author":1,"featured_media":0,"parent":0,"menu_order":0,"comment_status":"closed","ping_status":"closed","template":"","meta":{"footnotes":""},"class_list":["post-3520","page","type-page","status-publish","hentry"],"_links":{"self":[{"href":"https:\/\/onkaasansor.com.tr\/en\/wp-json\/wp\/v2\/pages\/3520","targetHints":{"allow":["GET"]}}],"collection":[{"href":"https:\/\/onkaasansor.com.tr\/en\/wp-json\/wp\/v2\/pages"}],"about":[{"href":"https:\/\/onkaasansor.com.tr\/en\/wp-json\/wp\/v2\/types\/page"}],"author":[{"embeddable":true,"href":"https:\/\/onkaasansor.com.tr\/en\/wp-json\/wp\/v2\/users\/1"}],"replies":[{"embeddable":true,"href":"https:\/\/onkaasansor.com.tr\/en\/wp-json\/wp\/v2\/comments?post=3520"}],"version-history":[{"count":14,"href":"https:\/\/onkaasansor.com.tr\/en\/wp-json\/wp\/v2\/pages\/3520\/revisions"}],"predecessor-version":[{"id":3819,"href":"https:\/\/onkaasansor.com.tr\/en\/wp-json\/wp\/v2\/pages\/3520\/revisions\/3819"}],"wp:attachment":[{"href":"https:\/\/onkaasansor.com.tr\/en\/wp-json\/wp\/v2\/media?parent=3520"}],"curies":[{"name":"wp","href":"https:\/\/api.w.org\/{rel}","templated":true}]}}